{"id":157,"date":"2024-06-03T13:33:35","date_gmt":"2024-06-03T11:33:35","guid":{"rendered":"https:\/\/hoppe.creative-medienagentur.de\/?page_id=157"},"modified":"2024-06-03T13:33:36","modified_gmt":"2024-06-03T11:33:36","slug":"berufs-und-ehrenordnung-bsd-2-2-2-2-2","status":"publish","type":"page","link":"https:\/\/hoppe.creative-medienagentur.de\/?page_id=157","title":{"rendered":"Schriftdolmetschen"},"content":{"rendered":"","protected":false},"excerpt":{"rendered":"","protected":false},"author":1,"featured_media":0,"parent":143,"menu_order":0,"comment_status":"closed","ping_status":"closed","template":"","meta":{"footnotes":""},"class_list":["post-157","page","type-page","status-publish","hentry"],"yoast_head":"<!-- This site is optimized with the Yoast SEO plugin v27.4 - https:\/\/yoast.com\/product\/yoast-seo-wordpress\/ -->\n<title>Schriftdolmetschen - H\u00f6rschrift - Ich h\u00f6re f\u00fcr Sie<\/title>\n<meta name=\"robots\" content=\"index, follow, max-snippet:-1, max-image-preview:large, max-video-preview:-1\" \/>\n<link rel=\"canonical\" href=\"https:\/\/hoppe.creative-medienagentur.de\/?page_id=157\" \/>\n<meta property=\"og:locale\" content=\"de_DE\" \/>\n<meta property=\"og:type\" content=\"article\" \/>\n<meta property=\"og:title\" content=\"Schriftdolmetschen - H\u00f6rschrift - Ich h\u00f6re f\u00fcr Sie\" \/>\n<meta property=\"og:url\" content=\"https:\/\/hoppe.creative-medienagentur.de\/?page_id=157\" \/>\n<meta property=\"og:site_name\" content=\"H\u00f6rschrift - Ich h\u00f6re f\u00fcr Sie\" \/>\n<meta property=\"article:modified_time\" content=\"2024-06-03T11:33:36+00:00\" \/>\n<meta name=\"twitter:card\" content=\"summary_large_image\" \/>\n<script type=\"application\/ld+json\" class=\"yoast-schema-graph\">{\"@context\":\"https:\\\/\\\/schema.org\",\"@graph\":[{\"@type\":\"WebPage\",\"@id\":\"https:\\\/\\\/hoppe.creative-medienagentur.de\\\/?page_id=157\",\"url\":\"https:\\\/\\\/hoppe.creative-medienagentur.de\\\/?page_id=157\",\"name\":\"Schriftdolmetschen - H\u00f6rschrift - Ich h\u00f6re f\u00fcr Sie\",\"isPartOf\":{\"@id\":\"https:\\\/\\\/hoppe.creative-medienagentur.de\\\/#website\"},\"datePublished\":\"2024-06-03T11:33:35+00:00\",\"dateModified\":\"2024-06-03T11:33:36+00:00\",\"breadcrumb\":{\"@id\":\"https:\\\/\\\/hoppe.creative-medienagentur.de\\\/?page_id=157#breadcrumb\"},\"inLanguage\":\"de\",\"potentialAction\":[{\"@type\":\"ReadAction\",\"target\":[\"https:\\\/\\\/hoppe.creative-medienagentur.de\\\/?page_id=157\"]}]},{\"@type\":\"BreadcrumbList\",\"@id\":\"https:\\\/\\\/hoppe.creative-medienagentur.de\\\/?page_id=157#breadcrumb\",\"itemListElement\":[{\"@type\":\"ListItem\",\"position\":1,\"name\":\"Startseite\",\"item\":\"https:\\\/\\\/hoppe.creative-medienagentur.de\\\/\"},{\"@type\":\"ListItem\",\"position\":2,\"name\":\"Leistungen\",\"item\":\"https:\\\/\\\/hoppe.creative-medienagentur.de\\\/?page_id=143\"},{\"@type\":\"ListItem\",\"position\":3,\"name\":\"Schriftdolmetschen\"}]},{\"@type\":\"WebSite\",\"@id\":\"https:\\\/\\\/hoppe.creative-medienagentur.de\\\/#website\",\"url\":\"https:\\\/\\\/hoppe.creative-medienagentur.de\\\/\",\"name\":\"H\u00f6rschrift - Ich h\u00f6re f\u00fcr Sie\",\"description\":\"\",\"publisher\":{\"@id\":\"https:\\\/\\\/hoppe.creative-medienagentur.de\\\/#organization\"},\"potentialAction\":[{\"@type\":\"SearchAction\",\"target\":{\"@type\":\"EntryPoint\",\"urlTemplate\":\"https:\\\/\\\/hoppe.creative-medienagentur.de\\\/?s={search_term_string}\"},\"query-input\":{\"@type\":\"PropertyValueSpecification\",\"valueRequired\":true,\"valueName\":\"search_term_string\"}}],\"inLanguage\":\"de\"},{\"@type\":\"Organization\",\"@id\":\"https:\\\/\\\/hoppe.creative-medienagentur.de\\\/#organization\",\"name\":\"H\u00f6rschrift - Ich h\u00f6re f\u00fcr Sie\",\"url\":\"https:\\\/\\\/hoppe.creative-medienagentur.de\\\/\",\"logo\":{\"@type\":\"ImageObject\",\"inLanguage\":\"de\",\"@id\":\"https:\\\/\\\/hoppe.creative-medienagentur.de\\\/#\\\/schema\\\/logo\\\/image\\\/\",\"url\":\"https:\\\/\\\/hoppe.creative-medienagentur.de\\\/wp-content\\\/uploads\\\/2024\\\/05\\\/hoerschrift-ich-hoere-fuer-sie-logo.webp\",\"contentUrl\":\"https:\\\/\\\/hoppe.creative-medienagentur.de\\\/wp-content\\\/uploads\\\/2024\\\/05\\\/hoerschrift-ich-hoere-fuer-sie-logo.webp\",\"width\":939,\"height\":226,\"caption\":\"H\u00f6rschrift - Ich h\u00f6re f\u00fcr Sie\"},\"image\":{\"@id\":\"https:\\\/\\\/hoppe.creative-medienagentur.de\\\/#\\\/schema\\\/logo\\\/image\\\/\"}}]}<\/script>\n<!-- \/ Yoast SEO plugin. -->","yoast_head_json":{"title":"Schriftdolmetschen - H\u00f6rschrift - Ich h\u00f6re f\u00fcr Sie","robots":{"index":"index","follow":"follow","max-snippet":"max-snippet:-1","max-image-preview":"max-image-preview:large","max-video-preview":"max-video-preview:-1"},"canonical":"https:\/\/hoppe.creative-medienagentur.de\/?page_id=157","og_locale":"de_DE","og_type":"article","og_title":"Schriftdolmetschen - H\u00f6rschrift - Ich h\u00f6re f\u00fcr Sie","og_url":"https:\/\/hoppe.creative-medienagentur.de\/?page_id=157","og_site_name":"H\u00f6rschrift - Ich h\u00f6re f\u00fcr Sie","article_modified_time":"2024-06-03T11:33:36+00:00","twitter_card":"summary_large_image","schema":{"@context":"https:\/\/schema.org","@graph":[{"@type":"WebPage","@id":"https:\/\/hoppe.creative-medienagentur.de\/?page_id=157","url":"https:\/\/hoppe.creative-medienagentur.de\/?page_id=157","name":"Schriftdolmetschen - H\u00f6rschrift - Ich h\u00f6re f\u00fcr Sie","isPartOf":{"@id":"https:\/\/hoppe.creative-medienagentur.de\/#website"},"datePublished":"2024-06-03T11:33:35+00:00","dateModified":"2024-06-03T11:33:36+00:00","breadcrumb":{"@id":"https:\/\/hoppe.creative-medienagentur.de\/?page_id=157#breadcrumb"},"inLanguage":"de","potentialAction":[{"@type":"ReadAction","target":["https:\/\/hoppe.creative-medienagentur.de\/?page_id=157"]}]},{"@type":"BreadcrumbList","@id":"https:\/\/hoppe.creative-medienagentur.de\/?page_id=157#breadcrumb","itemListElement":[{"@type":"ListItem","position":1,"name":"Startseite","item":"https:\/\/hoppe.creative-medienagentur.de\/"},{"@type":"ListItem","position":2,"name":"Leistungen","item":"https:\/\/hoppe.creative-medienagentur.de\/?page_id=143"},{"@type":"ListItem","position":3,"name":"Schriftdolmetschen"}]},{"@type":"WebSite","@id":"https:\/\/hoppe.creative-medienagentur.de\/#website","url":"https:\/\/hoppe.creative-medienagentur.de\/","name":"H\u00f6rschrift - Ich h\u00f6re f\u00fcr Sie","description":"","publisher":{"@id":"https:\/\/hoppe.creative-medienagentur.de\/#organization"},"potentialAction":[{"@type":"SearchAction","target":{"@type":"EntryPoint","urlTemplate":"https:\/\/hoppe.creative-medienagentur.de\/?s={search_term_string}"},"query-input":{"@type":"PropertyValueSpecification","valueRequired":true,"valueName":"search_term_string"}}],"inLanguage":"de"},{"@type":"Organization","@id":"https:\/\/hoppe.creative-medienagentur.de\/#organization","name":"H\u00f6rschrift - Ich h\u00f6re f\u00fcr Sie","url":"https:\/\/hoppe.creative-medienagentur.de\/","logo":{"@type":"ImageObject","inLanguage":"de","@id":"https:\/\/hoppe.creative-medienagentur.de\/#\/schema\/logo\/image\/","url":"https:\/\/hoppe.creative-medienagentur.de\/wp-content\/uploads\/2024\/05\/hoerschrift-ich-hoere-fuer-sie-logo.webp","contentUrl":"https:\/\/hoppe.creative-medienagentur.de\/wp-content\/uploads\/2024\/05\/hoerschrift-ich-hoere-fuer-sie-logo.webp","width":939,"height":226,"caption":"H\u00f6rschrift - Ich h\u00f6re f\u00fcr Sie"},"image":{"@id":"https:\/\/hoppe.creative-medienagentur.de\/#\/schema\/logo\/image\/"}}]}},"_links":{"self":[{"href":"https:\/\/hoppe.creative-medienagentur.de\/index.php?rest_route=\/wp\/v2\/pages\/157","targetHints":{"allow":["GET"]}}],"collection":[{"href":"https:\/\/hoppe.creative-medienagentur.de\/index.php?rest_route=\/wp\/v2\/pages"}],"about":[{"href":"https:\/\/hoppe.creative-medienagentur.de\/index.php?rest_route=\/wp\/v2\/types\/page"}],"author":[{"embeddable":true,"href":"https:\/\/hoppe.creative-medienagentur.de\/index.php?rest_route=\/wp\/v2\/users\/1"}],"replies":[{"embeddable":true,"href":"https:\/\/hoppe.creative-medienagentur.de\/index.php?rest_route=%2Fwp%2Fv2%2Fcomments&post=157"}],"version-history":[{"count":1,"href":"https:\/\/hoppe.creative-medienagentur.de\/index.php?rest_route=\/wp\/v2\/pages\/157\/revisions"}],"predecessor-version":[{"id":158,"href":"https:\/\/hoppe.creative-medienagentur.de\/index.php?rest_route=\/wp\/v2\/pages\/157\/revisions\/158"}],"up":[{"embeddable":true,"href":"https:\/\/hoppe.creative-medienagentur.de\/index.php?rest_route=\/wp\/v2\/pages\/143"}],"wp:attachment":[{"href":"https:\/\/hoppe.creative-medienagentur.de\/index.php?rest_route=%2Fwp%2Fv2%2Fmedia&parent=157"}],"curies":[{"name":"wp","href":"https:\/\/api.w.org\/{rel}","templated":true}]}}